{"id":2,"date":"2021-07-23T18:31:01","date_gmt":"2021-07-23T16:31:01","guid":{"rendered":"http:\/\/localhost\/wordpress\/?page_id=2"},"modified":"2025-06-30T23:37:42","modified_gmt":"2025-06-30T21:37:42","slug":"home","status":"publish","type":"page","link":"https:\/\/www.stop-lijnkaping.nl\/","title":{"rendered":"stop lijnkaping"},"content":{"rendered":"\n<h2 class=\"wp-block-heading\"><strong> Doe mee, help mee! <\/strong><\/h2>\n\n\n\n<h3 class=\"wp-block-heading\">Help mee met ook ander &#8216;ONGEKEND ONRECHT&#8217; bestrijden!<\/h3>\n\n\n\n<p><\/p>\n\n\n\n<pre class=\"wp-block-verse\"><strong>ACTUEEL<\/strong><br><br><strong>willekeur en discriminatie bij Valkenswaardse corporatie  -  3 mei 2024<\/strong><br>Willekeur, discriminatie en intimidatie in sociale huursector en de Autoriteit Woningcorporaties doet er helemaal niets tegen. De \"Wet Goed Verhuurderschap\" van 1 juli 2023 is voor 'n grote groep huurders een \"wassen neus\" gebleken. <em><a href=\"https:\/\/www.stop-lijnkaping.nl\/index.php\/discriminatie-bij-corporatie\/\">Lees meer...<br><\/a><\/em>.......<br><br>\"<strong>Slimme horloges waken over hartpati\u00ebnten: 'Hiermee kunnen we levens redden'<br><\/strong><br>EINDHOVEN - Een 80-plusser met een rollator en een hippe smartwatch? Dat wordt straks wellicht normaal, als het aan het M\u00e1xima MC en Catharina Ziekenhuis in Eindhoven ligt. Ze denken dat een \u2018slim\u2019 horloge levens kan redden en hartpati\u00ebnten uit het ziekenhuis kunnen houden.\"<br><strong>Vanda van der Kooi <\/strong>29-09-23, 09:03 <strong>Bron:<\/strong> ED<br><br>Lees het hele artikel <a href=\"https:\/\/www.ed.nl\/eindhoven\/slimme-horloges-waken-over-hartpatienten-hiermee-kunnen-we-levens-redden~a95291ac\/\"><em>hier<\/em><\/a>.<br><br>Als de achterliggende lijnverbinding zomaar gekaapt, oftewel \"<em><strong>geslamd<\/strong><\/em>\" kan worden -zoals momenteel het geval is- dan heb je er in de praktijk heel erg weinig aan.<br>......<br><br><br><strong>ruim 2,5 miljoen mensen lopen vast in digitale maatschappij  -  30 januari 2023<\/strong><br><br>Actualiteiten site <strong>NU.nl<\/strong> meldt dat ruim 2,5 miljoen mensen het moeilijk vinden om hun bankzaken zelf te regelen, met alle gevolgen van dien. <em><a href=\"https:\/\/www.nu.nl\/economie\/6249091\/ruim-25-miljoen-mensen-vinden-het-moeilijk-om-bankzaken-zelf-te-regelen.html\">Lees hier het hele artikel.<\/a><\/em> Wij hebben daarvoor ongeveer een jaar geleden al aan de bel getrokken bij alle lagen binnen de overheid. Ook bij de gemeente Valkenswaard. Maar de overheid zou de overheid niet zijn als zij niet collectief haar kop in het zand zou steken (ook in Valkenswaard). Daadwerkelijke '<span style=\"text-decoration: underline;\">inclusie<\/span>' lijkt alleen weggelegd en voorbehouden te zijn voor wie goed met een pc, smartphone en\/of tablet over weg kan. En die ICT-voorzieningen ook kan betalen.<br>......<br><br><strong>inbreuk op privacy door drones verhuurder  -  11 januari 2023<br><\/strong><br>Een lokale verhuurder in Valkenswaard laat via haar website weten dat ze drones gaat inzetten bij het uitvoeren van woninginspecties. Zij veroorzaakt daarmee veel onrust onder de bewoners.<br>Het gaat hierbij om de inzet van <span style=\"text-decoration: underline;\">drones boven dichtbevolkt bebouwd gebied<\/span>. <em><a href=\"https:\/\/www.stop-lijnkaping.nl\/index.php\/inbreuk-op-privacy-door-drones\/\">Lees meer...<\/a><\/em><br>......<br><br><strong>enqu\u00eate n.a.v. gewijzigde Telecomwet  -  5 december 2022<br><\/strong> <br>Op 5 december 2022 is een enqu\u00eate gehouden onder de belangrijkste spelers op de telecommarkt (en ACM). Daarin werd onder meer gevraagd om aan te geven op welke wijze hun eigen overstapprocessen zijn aangepast en beter zijn geborgd naar aanleiding van de op 21 december 2020 veranderde <em>Telecommunicatiewet<\/em>. <em><a href=\"https:\/\/www.stop-lijnkaping.nl\/index.php\/enquete-telecommarkt\/\">Lees meer...<\/a><\/em><br>......<br><br><strong>gemeente Valkenswaard<\/strong> <strong>schiet ernstig tekort in communicatie over energietoeslag  -  24 juli 2022<\/strong><br><br>Gemeente Valkenswaard schiet schromelijk tekort in informatieverstrekking over <em>energietoeslag <\/em>naar bewoners. Vooral <span style=\"text-decoration: underline;\">digibeten en ouderen<\/span> zijn daar <span style=\"text-decoration: underline;\">de dupe<\/span> van. Wij hebben daarom het initiatief genomen met name deze groepen van mensen (maar ook anderen) actief te informeren. We doen dat vooral door <a href=\"https:\/\/www.stop-lijnkaping.nl\/wp-content\/uploads\/2022\/07\/Energietoeslag.pdf\">pamfletten <\/a>uit te delen. En aansturing van wijkcommissies en dorpsraden. Ook beantwoorden we, zoveel als mogelijk is, de vragen van bewoners over dit onderwerp.<br><br>Opdat vooral degene die dat het hardste nodig hebben, ook op tijd (kunnen) zijn met het <span style=\"text-decoration: underline;\">aanvraagformulier<\/span> ervoor <span style=\"text-decoration: underline;\">indienen<\/span>. Want te laat is vaak echt te l\u00e1\u00e1t! (geen vermogenstoets)<br>......<br><br><strong>woningstichting werkt energie-transitie tegen  -  25 april 2022<br><\/strong><br>Een lokale woningstichting in Valkenswaard heeft een klopjacht geopend op een huurder (hij is inmiddels al gedagvaard) die zijn huis verwarmt met een <a href=\"https:\/\/www.eigenhuis.nl\/verduurzamen\/maatregelen\/duurzaam-verwarmen\/warmtepomp\/warmtepompen-op-een-rij\">airco-warmtepompinstallatie<\/a>.<br><br>De woningstichting in kwestie heeft in rechte verwijdering van de <a href=\"https:\/\/www.woningbelang.nl\/over-woningbelang\/nieuws\/2022\/515\/warmtepompen\">airco-warmtepompinstallatie<\/a> gevorderd. Zij frustreert daarmee bewust, willens en wetens de energietransitie-inspanningen van die huurder.<br><br>Let wel.<br>De <a href=\"https:\/\/www.woningbelang.nl\/uploads\/WARMTEPOMPEN_-_Eigen_Huis_Magazine.pdf\">airco-warmtepompinstallatie<\/a> in kwestie is duurzaam, want is energiezuinig (A++ label) en wordt gevoed met 'groene' stroom. Stroom die de huurder betrekt van een hoogwaardig eigen zonnepanelen-systeem. De buitenunit is bovendien nauwelijks zichtbaar noch hoorbaar.<br><br>Op een vraag aan de gemeente Valkenswaard hoe het vorenstaande zich verhoudt met:<br>- de overal ter wereld genomen energietransitie-maatregelen en de <a href=\"https:\/\/valkenswaard.bestuurlijkeinformatie.nl\/Reports\/Document\/e73ba17a-82e5-4798-aa27-5a0122229df2?documentId=2f8c0a0c-def4-43eb-9bde-b4d2a51020ee\">overheidsinspanningen <\/a>op dat gebied en<br>- het <a href=\"https:\/\/valkenswaard.bestuurlijkeinformatie.nl\/Reports\/Document\/04515885-1e4f-484c-8e88-066fc71d451a?documentId=74ae9ccc-7c12-456c-8462-e2125e10ec7e\">beleid<\/a> naar aanleiding van de alsmaar stijgende energieprijzen;<br>geeft het gemeentebestuur te kennen zich in dezen afzijdig te houden. Het is toch niet te geloven! Klik <em><a href=\"https:\/\/www.stop-lijnkaping.nl\/wp-content\/uploads\/2022\/04\/2022-232659.pdf\">hier <\/a><\/em>en lees het zelf.<br>......<br><br><strong>Nederland telt meer dan 2,5 miljoen digibeten  -  11 maart 2022<br><\/strong><br>Meer dan 2,5 miljoen Nederlanders worden bedreigd met maatschappelijke uitsluiting. Omdat ze niet weten hoe om te gaan met de steeds verder oprukkende digitalisering. In een samenleving die steeds meer aan elkaar lijkt te hangen van portals, waarop je met een gebruikersnaam en wachtwoord moet inloggen.<br><br>Zelfs je eigen bankzaken regelen is er niet meer bij als je zelf niet over weg kunt met, en ook niet de beschikking hebt over goedwerkende ict voorzieningen.<br>En als je al de stap waagt digitaal te gaan, liggen de cyberbedreigingen direct op de loer. Je bent niet de eerste die met een muisklik al zijn spaargeld is kwijt geraakt.<br><br>Analoge en persoonlijke, \u00e9\u00e9n-op-\u00e9\u00e9n, manieren van communiceren worden versneld uit gefaseerd door instanties en bedrijven. Als je het jezelf niet meer eigen kunt maken, doe je niet meer mee in deze maatschappij. Van een 'inclusieve' en 'zelfredzame' samenleving is daardoor allang geen sprake meer. Daar moet echt wat aan gedaan worden. Ook daar maken wij ons sterk voor.<br>......<br><br><strong>draaiboek code zwart  -  24 november 2021<\/strong><br><br>Er ligt een draaiboek klaar voor een zogeheten '<a href=\"https:\/\/www.nu.nl\/coronavirus\/6058452\/dit-is-het-draaiboek-bij-code-zwart-wie-krijgt-een-ic-bed-in-geval-van-schaarste.html\">code zwart<\/a>' situatie. Die code geeft aan dat (intensive-care) ziekenhuisbedden vanaf dat moment extreem schaars zijn geworden. De grote vraag is dan: wie krijgt er nu wel of niet een (intensive-care) bed. <em><a href=\"https:\/\/www.stop-lijnkaping.nl\/index.php\/draaiboek-code-zwart\/\">Lees meer...<\/a><br><\/em><br><br>Steun ons in ons werk. Help mee en <a href=\"https:\/\/www.stop-lijnkaping.nl\/index.php\/ja-ik-doneer\/\">geef<\/a>!<\/pre>\n\n\n\n<p><strong>STREVEN: \u00c9\u00c9N MILJOEN EURO  (\u20ac1.000.000,-) VOOR BESTRIJDING VAN <strong>ONGEKEND ONRECHT<\/strong> EN M.N. LIJNKAPING <\/strong><\/p>\n\n\n\n<p>Denkt u ook wel eens dat er m\u00e9\u00e9r aan bestrijding van maatschappelijk onrecht moet worden gedaan? Dat u bepaalde erg in het oog springende maatschappelijke misstanden het liefst eigenhandig zou willen aanpakken? Dat u de gedupeerden\/slachtoffers ervan (of hun nabestaanden) graag persoonlijk zou willen helpen?<\/p>\n\n\n\n<p>Dan is dit uw kans.<\/p>\n\n\n\n<p>Wij van <strong>Stichting Stop Lijnkaping e.a. ongekend onrecht<\/strong> willen namelijk alles op alles zetten om <em>lijnkaping <\/em>uit te bannen en daarnaast ook ander #<em>ongekend onrecht<\/em> bestrijden. <\/p>\n\n\n\n<p>Wij maken ons o.a. sterk voor de beschikbaarheid van <span class=\"has-inline-color has-primary-color\"><em>gegarandeerd werkende<\/em> telefoon\/lijnverbindingen <\/span>voor mensen die daar behoefte aan hebben. Bijv. omdat er een personenalarmering of e-health-voorziening mee verbonden is.<\/p>\n\n\n\n<p>Online iemands telefoon\/lijnverbinding kapen is nu namelijk (nog) als kinderspel zo makkelijk. Help ons hier verandering in te brengen. Geef ons de middelen daarvoor.<\/p>\n\n\n\n<pre class=\"wp-block-verse\">Zodat de meest kwetsbaren in de samenleving verzekerd zijn van een betrouwbare en gegarandeerd werkende 'life-line' voor hun persoonsalarmering of e-health-voorziening.<\/pre>\n\n\n\n<p>Wilt u daarbij helpen?<\/p>\n\n\n\n\n\n<p><\/p>\n\n\n\n<p>Doneer dan uw bijdrage.<\/p>\n\n\n\n<div class=\"wp-block-buttons is-horizontal is-content-justification-space-between is-layout-flex wp-container-core-buttons-is-layout-9262d1ff wp-block-buttons-is-layout-flex\">\n<div class=\"wp-block-button is-style-outline is-style-outline--1\"><a class=\"wp-block-button__link wp-element-button\" href=\"https:\/\/www.stop-lijnkaping.nl\/index.php\/ja-ik-doneer\/\">JA, IK DONEER<\/a><\/div>\n\n\n\n<div class=\"wp-block-button is-style-outline is-style-outline--2\"><a class=\"wp-block-button__link wp-element-button\" href=\"https:\/\/www.stop-lijnkaping.nl\/index.php\/doelstelling-en-voorwaarden\/\">VOORWAARDEN<\/a><\/div>\n<\/div>\n\n\n\n<p><\/p>\n\n\n\n<p>Wij willen \u20ac1.000.000,- bijeen brengen voor de bestrijding van <em>lijnkaping <\/em>en ander <em>ongekend onrecht<\/em>.<\/p>\n\n\n\n<p>De traditionele wegen om een  maatschappelijk probleem op te lossen, werken niet altijd, zo is in de praktijk gebleken. (Kijk maar naar de <em>Toeslagenaffaire<\/em>.)<\/p>\n\n\n\n<p>We willen het daarom anders en beter aanpakken.<\/p>\n\n\n\n<p>En als heel Nederland meedoet &#8211; scholen, sportclubs, particulieren en bedrijven &#8211; kunnen we dit en nog veel meer bereiken. <a href=\"https:\/\/www.stop-lijnkaping.nl\/index.php\/ja-ik-doneer\/\">Doe mee, help mee en doneer<\/a>!<\/p>\n\n\n\n<pre class=\"wp-block-verse\"><span style=\"font-size: revert;\"><span style=\"font-size: revert;\">Wij zijn<\/span> volledig afhankelijk van giften en donaties om ons werk te kunnen blijven doen. Iedere bijdrage, groot of klein, is dus heel erg welkom.<\/span> <span style=\"font-size: revert;\">Door de <span style=\"font-size: revert;\">ANBI-status zijn donaties evt. fiscaal aftrekbaar<\/span>.<\/span><\/pre>\n\n\n\n<p><\/p>\n\n\n\n<ul class=\"wp-block-list\">\n<li><a href=\"https:\/\/www.stop-lijnkaping.nl\/index.php\/acties-reacties\/\"><strong>acties &amp; reacties<\/strong><\/a><\/li>\n\n\n\n<li><strong><a href=\"https:\/\/www.stop-lijnkaping.nl\/index.php\/doelstelling-en-voorwaarden\/\">doelstelling en voorwaarden<\/a><\/strong><\/li>\n\n\n\n<li><strong><a href=\"https:\/\/www.stop-lijnkaping.nl\/index.php\/privacybeleid\/\">privacybeleid<\/a><\/strong><\/li>\n\n\n\n<li><a href=\"https:\/\/www.stop-lijnkaping.nl\/index.php\/beleidsplan-2023-2024\/\" data-type=\"page\" data-id=\"1813\"><strong>beleidsplan 2024\/2025<\/strong><\/a><\/li>\n\n\n\n<li><strong><a href=\"https:\/\/www.stop-lijnkaping.nl\/wp-content\/uploads\/2025\/06\/ANBI-verslag-2024.pdf\">ANBI-verklaring<\/a><\/strong><\/li>\n\n\n\n<li><a href=\"https:\/\/www.stop-lijnkaping.nl\/index.php\/media\/\"><strong>media<\/strong><\/a><\/li>\n\n\n\n<li><strong><a href=\"https:\/\/www.stop-lijnkaping.nl\/index.php\/contact\/\">contact<\/a><\/strong><\/li>\n<\/ul>\n\n\n<div class=\"wp-block-image\">\n<figure class=\"alignleft size-full is-resized\"><img loading=\"lazy\" decoding=\"async\" width=\"273\" height=\"217\" src=\"https:\/\/www.stop-lijnkaping.nl\/wp-content\/uploads\/2021\/10\/ANBI_FC.jpg\" alt=\"ANBI-logo\" class=\"wp-image-648\" style=\"width:137px;height:109px\"\/><\/figure><\/div>\n\n\n<p><\/p>\n\n\n\n<p><\/p>\n\n\n\n<p><\/p>\n\n\n\n<ul class=\"wp-block-social-links alignright has-large-icon-size items-justified-right items-justified-space-between is-style-logos-only is-layout-flex wp-block-social-links-is-layout-flex\"><li class=\"wp-social-link wp-social-link-facebook  wp-block-social-link\"><a href=\"https:\/\/facebook.com\/stop.lijnkaping\" class=\"wp-block-social-link-anchor\"><svg width=\"24\" height=\"24\" viewBox=\"0 0 24 24\" version=\"1.1\" xmlns=\"http:\/\/www.w3.org\/2000\/svg\" aria-hidden=\"true\" focusable=\"false\"><path d=\"M12 2C6.5 2 2 6.5 2 12c0 5 3.7 9.1 8.4 9.9v-7H7.9V12h2.5V9.8c0-2.5 1.5-3.9 3.8-3.9 1.1 0 2.2.2 2.2.2v2.5h-1.3c-1.2 0-1.6.8-1.6 1.6V12h2.8l-.4 2.9h-2.3v7C18.3 21.1 22 17 22 12c0-5.5-4.5-10-10-10z\"><\/path><\/svg><span class=\"wp-block-social-link-label screen-reader-text\">Facebook<\/span><\/a><\/li>\n\n<li class=\"wp-social-link wp-social-link-twitter  wp-block-social-link\"><a href=\"https:\/\/twitter.com\/stop_lijnkaping\" class=\"wp-block-social-link-anchor\"><svg width=\"24\" height=\"24\" viewBox=\"0 0 24 24\" version=\"1.1\" xmlns=\"http:\/\/www.w3.org\/2000\/svg\" aria-hidden=\"true\" focusable=\"false\"><path d=\"M22.23,5.924c-0.736,0.326-1.527,0.547-2.357,0.646c0.847-0.508,1.498-1.312,1.804-2.27 c-0.793,0.47-1.671,0.812-2.606,0.996C18.324,4.498,17.257,4,16.077,4c-2.266,0-4.103,1.837-4.103,4.103 c0,0.322,0.036,0.635,0.106,0.935C8.67,8.867,5.647,7.234,3.623,4.751C3.27,5.357,3.067,6.062,3.067,6.814 c0,1.424,0.724,2.679,1.825,3.415c-0.673-0.021-1.305-0.206-1.859-0.513c0,0.017,0,0.034,0,0.052c0,1.988,1.414,3.647,3.292,4.023 c-0.344,0.094-0.707,0.144-1.081,0.144c-0.264,0-0.521-0.026-0.772-0.074c0.522,1.63,2.038,2.816,3.833,2.85 c-1.404,1.1-3.174,1.756-5.096,1.756c-0.331,0-0.658-0.019-0.979-0.057c1.816,1.164,3.973,1.843,6.29,1.843 c7.547,0,11.675-6.252,11.675-11.675c0-0.178-0.004-0.355-0.012-0.531C20.985,7.47,21.68,6.747,22.23,5.924z\"><\/path><\/svg><span class=\"wp-block-social-link-label screen-reader-text\">Twitter<\/span><\/a><\/li>\n\n<li class=\"wp-social-link wp-social-link-chain  wp-block-social-link\"><a href=\"https:\/\/www.stop-lijnkaping.nl\/\" class=\"wp-block-social-link-anchor\"><svg width=\"24\" height=\"24\" viewBox=\"0 0 24 24\" version=\"1.1\" xmlns=\"http:\/\/www.w3.org\/2000\/svg\" aria-hidden=\"true\" focusable=\"false\"><path d=\"M15.6,7.2H14v1.5h1.6c2,0,3.7,1.7,3.7,3.7s-1.7,3.7-3.7,3.7H14v1.5h1.6c2.8,0,5.2-2.3,5.2-5.2,0-2.9-2.3-5.2-5.2-5.2zM4.7,12.4c0-2,1.7-3.7,3.7-3.7H10V7.2H8.4c-2.9,0-5.2,2.3-5.2,5.2,0,2.9,2.3,5.2,5.2,5.2H10v-1.5H8.4c-2,0-3.7-1.7-3.7-3.7zm4.6.9h5.3v-1.5H9.3v1.5z\"><\/path><\/svg><span class=\"wp-block-social-link-label screen-reader-text\">Link<\/span><\/a><\/li>\n\n<li class=\"wp-social-link wp-social-link-mail  wp-block-social-link\"><a href=\"mailto:info@stop-lijnkaping.nl\" class=\"wp-block-social-link-anchor\"><svg width=\"24\" height=\"24\" viewBox=\"0 0 24 24\" version=\"1.1\" xmlns=\"http:\/\/www.w3.org\/2000\/svg\" aria-hidden=\"true\" focusable=\"false\"><path d=\"M19,5H5c-1.1,0-2,.9-2,2v10c0,1.1.9,2,2,2h14c1.1,0,2-.9,2-2V7c0-1.1-.9-2-2-2zm.5,12c0,.3-.2.5-.5.5H5c-.3,0-.5-.2-.5-.5V9.8l7.5,5.6,7.5-5.6V17zm0-9.1L12,13.6,4.5,7.9V7c0-.3.2-.5.5-.5h14c.3,0,.5.2.5.5v.9z\"><\/path><\/svg><span class=\"wp-block-social-link-label screen-reader-text\">Mail<\/span><\/a><\/li><\/ul>\n\n\n\n<p><\/p>\n","protected":false},"excerpt":{"rendered":"<p>Doe mee, help mee! Help mee met ook ander &#8216;ONGEKEND ONRECHT&#8217; bestrijden! ACTUEELwillekeur en discriminatie bij Valkenswaardse corporatie &#8211; 3 mei 2024Willekeur, discriminatie en intimidatie in sociale huursector en de Autoriteit Woningcorporaties doet er helemaal niets tegen. De &#8220;Wet Goed Verhuurderschap&#8221; van 1 juli 2023 is voor &#8217;n grote groep huurders een &#8220;wassen neus&#8221; gebleken. &hellip; <\/p>\n<p class=\"link-more\"><a href=\"https:\/\/www.stop-lijnkaping.nl\/\" class=\"more-link\">Lees verder <span class=\"screen-reader-text\">&#8220;stop lijnkaping&#8221;<\/span><\/a><\/p>\n","protected":false},"author":1,"featured_media":21,"parent":0,"menu_order":0,"comment_status":"closed","ping_status":"open","template":"","meta":{"footnotes":""},"class_list":["post-2","page","type-page","status-publish","has-post-thumbnail","hentry"],"_links":{"self":[{"href":"https:\/\/www.stop-lijnkaping.nl\/index.php\/wp-json\/wp\/v2\/pages\/2","targetHints":{"allow":["GET"]}}],"collection":[{"href":"https:\/\/www.stop-lijnkaping.nl\/index.php\/wp-json\/wp\/v2\/pages"}],"about":[{"href":"https:\/\/www.stop-lijnkaping.nl\/index.php\/wp-json\/wp\/v2\/types\/page"}],"author":[{"embeddable":true,"href":"https:\/\/www.stop-lijnkaping.nl\/index.php\/wp-json\/wp\/v2\/users\/1"}],"replies":[{"embeddable":true,"href":"https:\/\/www.stop-lijnkaping.nl\/index.php\/wp-json\/wp\/v2\/comments?post=2"}],"version-history":[{"count":337,"href":"https:\/\/www.stop-lijnkaping.nl\/index.php\/wp-json\/wp\/v2\/pages\/2\/revisions"}],"predecessor-version":[{"id":1832,"href":"https:\/\/www.stop-lijnkaping.nl\/index.php\/wp-json\/wp\/v2\/pages\/2\/revisions\/1832"}],"wp:featuredmedia":[{"embeddable":true,"href":"https:\/\/www.stop-lijnkaping.nl\/index.php\/wp-json\/wp\/v2\/media\/21"}],"wp:attachment":[{"href":"https:\/\/www.stop-lijnkaping.nl\/index.php\/wp-json\/wp\/v2\/media?parent=2"}],"curies":[{"name":"wp","href":"https:\/\/api.w.org\/{rel}","templated":true}]}}